{"id":5750,"date":"2023-10-20T10:48:36","date_gmt":"2023-10-20T02:48:36","guid":{"rendered":"https:\/\/www.cnhil.com\/fr\/?page_id=5750"},"modified":"2024-06-05T15:14:17","modified_gmt":"2024-06-05T07:14:17","slug":"partner","status":"publish","type":"page","link":"https:\/\/www.cnhil.com\/fr\/about-us\/partner\/","title":{"rendered":"Partenaire"},"content":{"rendered":"\t\t<div data-elementor-type=\"wp-page\" data-elementor-id=\"5750\" class=\"elementor elementor-5750\" data-elementor-post-type=\"page\">\n\t\t\t\t\t\t<section class=\"elementor-section elementor-top-section elementor-element elementor-element-c6ee81b elementor-section-height-min-height elementor-section-boxed elementor-section-height-default elementor-section-items-middle tf-sticky-section tf-sticky-no\" data-id=\"c6ee81b\" data-element_type=\"section\" data-settings=\"{&quot;background_background&quot;:&quot;classic&quot;,&quot;tf_sticky&quot;:&quot;no&quot;}\">\n\t\t\t\t\t\t<div class=\"elementor-container elementor-column-gap-default\">\n\t\t\t\t\t<div class=\"elementor-column elementor-col-100 elementor-top-column elementor-element elementor-element-8fe65e3\" data-id=\"8fe65e3\" data-element_type=\"column\">\n\t\t\t<div class=\"elementor-widget-wrap elementor-element-populated\">\n\t\t\t\t\t\t<div class=\"elementor-element elementor-element-eebf474 elementor-widget elementor-widget-heading\" data-id=\"eebf474\" data-element_type=\"widget\" data-widget_type=\"heading.default\">\n\t\t\t\t<div class=\"elementor-widget-container\">\n\t\t\t<style>\/*! elementor - v3.21.0 - 26-05-2024 *\/\n.elementor-heading-title{padding:0;margin:0;line-height:1}.elementor-widget-heading .elementor-heading-title[class*=elementor-size-]>a{color:inherit;font-size:inherit;line-height:inherit}.elementor-widget-heading .elementor-heading-title.elementor-size-small{font-size:15px}.elementor-widget-heading .elementor-heading-title.elementor-size-medium{font-size:19px}.elementor-widget-heading .elementor-heading-title.elementor-size-large{font-size:29px}.elementor-widget-heading .elementor-heading-title.elementor-size-xl{font-size:39px}.elementor-widget-heading .elementor-heading-title.elementor-size-xxl{font-size:59px}<\/style><h2 class=\"elementor-heading-title elementor-size-default\">\u5408\u4f5c\u5ba2\u6237<\/h2>\t\t<\/div>\n\t\t\t\t<\/div>\n\t\t\t\t\t<\/div>\n\t\t<\/div>\n\t\t\t\t\t<\/div>\n\t\t<\/section>\n\t\t\t\t<section class=\"elementor-section elementor-top-section elementor-element elementor-element-0a52952 elementor-section-boxed elementor-section-height-default elementor-section-height-default tf-sticky-section tf-sticky-no\" data-id=\"0a52952\" data-element_type=\"section\" data-settings=\"{&quot;tf_sticky&quot;:&quot;no&quot;}\">\n\t\t\t\t\t\t<div class=\"elementor-container elementor-column-gap-default\">\n\t\t\t\t\t<div class=\"elementor-column elementor-col-100 elementor-top-column elementor-element elementor-element-bd46a6b\" data-id=\"bd46a6b\" data-element_type=\"column\">\n\t\t\t<div class=\"elementor-widget-wrap elementor-element-populated\">\n\t\t\t\t\t\t<section class=\"elementor-section elementor-inner-section elementor-element elementor-element-5cf573d elementor-section-boxed elementor-section-height-default elementor-section-height-default tf-sticky-section tf-sticky-no\" data-id=\"5cf573d\" data-element_type=\"section\" data-settings=\"{&quot;tf_sticky&quot;:&quot;no&quot;}\">\n\t\t\t\t\t\t<div class=\"elementor-container elementor-column-gap-default\">\n\t\t\t\t\t<div class=\"elementor-column elementor-col-50 elementor-inner-column elementor-element elementor-element-f359b82\" data-id=\"f359b82\" data-element_type=\"column\">\n\t\t\t<div class=\"elementor-widget-wrap elementor-element-populated\">\n\t\t\t\t\t\t<div class=\"elementor-element elementor-element-035c6b5 elementor-widget elementor-widget-heading\" data-id=\"035c6b5\" data-element_type=\"widget\" data-widget_type=\"heading.default\">\n\t\t\t\t<div class=\"elementor-widget-container\">\n\t\t\t<h2 class=\"elementor-heading-title elementor-size-default\">Partenaire<\/h2>\t\t<\/div>\n\t\t\t\t<\/div>\n\t\t\t\t<div class=\"elementor-element elementor-element-5a2d935 elementor-widget elementor-widget-text-editor\" data-id=\"5a2d935\" data-element_type=\"widget\" data-widget_type=\"text-editor.default\">\n\t\t\t\t<div class=\"elementor-widget-container\">\n\t\t\t<style>\/*! elementor - v3.21.0 - 26-05-2024 *\/\n.elementor-widget-text-editor.elementor-drop-cap-view-stacked .elementor-drop-cap{background-color:#69727d;color:#fff}.elementor-widget-text-editor.elementor-drop-cap-view-framed .elementor-drop-cap{color:#69727d;border:3px solid;background-color:transparent}.elementor-widget-text-editor:not(.elementor-drop-cap-view-default) .elementor-drop-cap{margin-top:8px}.elementor-widget-text-editor:not(.elementor-drop-cap-view-default) .elementor-drop-cap-letter{width:1em;height:1em}.elementor-widget-text-editor .elementor-drop-cap{float:left;text-align:center;line-height:1;font-size:50px}.elementor-widget-text-editor .elementor-drop-cap-letter{display:inline-block}<\/style>\t\t\t\t<p>Dans notre coop\u00e9ration avec nos clients, nous fournissons des services de la plus haute qualit\u00e9 et des prix comp\u00e9titifs, et entretenons de bonnes relations de coop\u00e9ration avec de nombreux grands fabricants nationaux de machines et d&#8217;\u00e9quipements pour v\u00e9hicules lourds.<\/p>\t\t\t\t\t\t<\/div>\n\t\t\t\t<\/div>\n\t\t\t\t\t<\/div>\n\t\t<\/div>\n\t\t\t\t<div class=\"elementor-column elementor-col-50 elementor-inner-column elementor-element elementor-element-f24d815\" data-id=\"f24d815\" data-element_type=\"column\">\n\t\t\t<div class=\"elementor-widget-wrap\">\n\t\t\t\t\t\t\t<\/div>\n\t\t<\/div>\n\t\t\t\t\t<\/div>\n\t\t<\/section>\n\t\t\t\t<div class=\"elementor-element elementor-element-86bb985 elementor-widget elementor-widget-ucaddon_logo_grid\" data-id=\"86bb985\" data-element_type=\"widget\" data-widget_type=\"ucaddon_logo_grid.default\">\n\t\t\t\t<div class=\"elementor-widget-container\">\n\t\t\t\n<!-- start Logo Grid -->\n<style>\/* widget: Logo Grid *\/\n\n#uc_logo_grid_elementor_86bb985 {\n  display: grid;\n}\n#uc_logo_grid_elementor_86bb985 .ue-logo-title\n{\n  width:100%;\n  position:absolute;\n  bottom:0;\n  text-align:center;\n  left:0;\n}\n\n#uc_logo_grid_elementor_86bb985 div.logo-grid-item\n{\ntext-align:center;\ndisplay:flex;\nflex-direction:column;\njustify-content:center;\nalign-items:center;\noverflow:hidden;\n  position:relative;\n  transition:0.3s;\n\n}\n\n#uc_logo_grid_elementor_86bb985 div.logo-grid-item img\n{\nwidth:100%;\n  object-fit: contain;\n  display:block;\n  mix-blend-mode: multiply;\n  position:absolute;\n  top:0;\n  left:0;\n  right:0;\n  bottom:0;\n  height:100%;\n  transition:0.3s;\n}\n\n\n\n#uc_logo_grid_elementor_86bb985 a\n{\n  display:block;\n  position:absolute;\n  top:0;\n  left:0;\n  right:0;\n  bottom:0;\n  cursor:pointer;\n  display:flex;\njustify-content:center;\nalign-items:center;\n}\n\n<\/style>\n\n<div id=\"uc_logo_grid_elementor_86bb985\" class=\"ue-logo-grid uc-items-wrapper \" >\n\t\t   <div class=\"logo-grid-item elementor-animation-grow\" >\n   \n\t<a href=\"#\" > \n\t\n  \n    <img decoding=\"async\" src=\"https:\/\/www.cnhil.com\/fr\/wp-content\/uploads\/2023\/10\/\u5408\u4f5c\u4f19\u4f34-logo.300x140px1.jpg\" title=\"1\"  src=\"https:\/\/www.cnhil.com\/fr\/wp-content\/uploads\/2023\/10\/\u5408\u4f5c\u4f19\u4f34-logo.300x140px1.jpg\" alt=\"-logo\" width=\"300\" height=\"140\">\n      \t\n      \n  <\/a>\n  \t\n<\/div>\n<div class=\"logo-grid-item elementor-animation-grow\" >\n   \n\t<a href=\"#\" > \n\t\n  \n    <img decoding=\"async\" src=\"https:\/\/www.cnhil.com\/fr\/wp-content\/uploads\/2023\/10\/\u5408\u4f5c\u4f19\u4f34-logo.300x140px3.jpg\" title=\"2\"  src=\"https:\/\/www.cnhil.com\/fr\/wp-content\/uploads\/2023\/10\/\u5408\u4f5c\u4f19\u4f34-logo.300x140px3.jpg\" alt=\"-logo\" width=\"300\" height=\"140\">\n      \t\n      \n  <\/a>\n  \t\n<\/div>\n<div class=\"logo-grid-item elementor-animation-grow\" >\n   \n\t<a href=\"#\" > \n\t\n  \n    <img decoding=\"async\" src=\"https:\/\/www.cnhil.com\/fr\/wp-content\/uploads\/2023\/10\/\u5408\u4f5c\u4f19\u4f34-logo.300x140px8-1.jpg\" title=\"3\"  src=\"https:\/\/www.cnhil.com\/fr\/wp-content\/uploads\/2023\/10\/\u5408\u4f5c\u4f19\u4f34-logo.300x140px8-1.jpg\" alt=\"-logo\" width=\"300\" height=\"140\">\n      \t\n      \n  <\/a>\n  \t\n<\/div>\n<div class=\"logo-grid-item elementor-animation-grow\" >\n   \n\t<a href=\"#\" > \n\t\n  \n    <img loading=\"lazy\" decoding=\"async\" src=\"https:\/\/www.cnhil.com\/fr\/wp-content\/uploads\/2023\/10\/\u5408\u4f5c\u4f19\u4f34-logo.300x140px16.jpg\" title=\"4\"  src=\"https:\/\/www.cnhil.com\/fr\/wp-content\/uploads\/2023\/10\/\u5408\u4f5c\u4f19\u4f34-logo.300x140px16.jpg\" alt=\"-logo\" width=\"300\" height=\"140\">\n      \t\n      \n  <\/a>\n  \t\n<\/div>\n<div class=\"logo-grid-item elementor-animation-grow\" >\n   \n\t<a href=\"#\" > \n\t\n  \n    <img loading=\"lazy\" decoding=\"async\" src=\"https:\/\/www.cnhil.com\/fr\/wp-content\/uploads\/2023\/10\/\u5408\u4f5c\u4f19\u4f34-logo.300x140px18.jpg\" title=\"5\"  src=\"https:\/\/www.cnhil.com\/fr\/wp-content\/uploads\/2023\/10\/\u5408\u4f5c\u4f19\u4f34-logo.300x140px18.jpg\" alt=\"-logo\" width=\"300\" height=\"140\">\n      \t\n      \n  <\/a>\n  \t\n<\/div>\n\n    <\/div>\n<!-- end Logo Grid -->\t\t<\/div>\n\t\t\t\t<\/div>\n\t\t\t\t<div class=\"elementor-element elementor-element-a4ddcfa elementor-widget elementor-widget-ucaddon_logo_grid\" data-id=\"a4ddcfa\" data-element_type=\"widget\" data-widget_type=\"ucaddon_logo_grid.default\">\n\t\t\t\t<div class=\"elementor-widget-container\">\n\t\t\t\n<!-- start Logo Grid -->\n<style>\/* widget: Logo Grid *\/\n\n#uc_logo_grid_elementor_a4ddcfa {\n  display: grid;\n}\n#uc_logo_grid_elementor_a4ddcfa .ue-logo-title\n{\n  width:100%;\n  position:absolute;\n  bottom:0;\n  text-align:center;\n  left:0;\n}\n\n#uc_logo_grid_elementor_a4ddcfa div.logo-grid-item\n{\ntext-align:center;\ndisplay:flex;\nflex-direction:column;\njustify-content:center;\nalign-items:center;\noverflow:hidden;\n  position:relative;\n  transition:0.3s;\n\n}\n\n#uc_logo_grid_elementor_a4ddcfa div.logo-grid-item img\n{\nwidth:100%;\n  object-fit: contain;\n  display:block;\n  mix-blend-mode: multiply;\n  position:absolute;\n  top:0;\n  left:0;\n  right:0;\n  bottom:0;\n  height:100%;\n  transition:0.3s;\n}\n\n\n\n#uc_logo_grid_elementor_a4ddcfa a\n{\n  display:block;\n  position:absolute;\n  top:0;\n  left:0;\n  right:0;\n  bottom:0;\n  cursor:pointer;\n  display:flex;\njustify-content:center;\nalign-items:center;\n}\n\n<\/style>\n\n<div id=\"uc_logo_grid_elementor_a4ddcfa\" class=\"ue-logo-grid uc-items-wrapper \" >\n\t\t   <div class=\"logo-grid-item elementor-animation-grow\" >\n   \n\t<a href=\"#\" > \n\t\n  \n    <img loading=\"lazy\" decoding=\"async\" src=\"https:\/\/www.cnhil.com\/fr\/wp-content\/uploads\/2023\/10\/\u5408\u4f5c\u4f19\u4f34-logo.300x140px2.jpg\" title=\"1\"  src=\"https:\/\/www.cnhil.com\/fr\/wp-content\/uploads\/2023\/10\/\u5408\u4f5c\u4f19\u4f34-logo.300x140px2.jpg\" alt=\"-logo\" width=\"300\" height=\"140\">\n      \t\n      \n  <\/a>\n  \t\n<\/div>\n<div class=\"logo-grid-item elementor-animation-grow\" >\n   \n\t<a href=\"#\" > \n\t\n  \n    <img loading=\"lazy\" decoding=\"async\" src=\"https:\/\/www.cnhil.com\/fr\/wp-content\/uploads\/2023\/10\/\u5408\u4f5c\u4f19\u4f34-logo.300x140px5.jpg\" title=\"2\"  src=\"https:\/\/www.cnhil.com\/fr\/wp-content\/uploads\/2023\/10\/\u5408\u4f5c\u4f19\u4f34-logo.300x140px5.jpg\" alt=\"-logo\" width=\"300\" height=\"140\">\n      \t\n      \n  <\/a>\n  \t\n<\/div>\n<div class=\"logo-grid-item elementor-animation-grow\" >\n   \n\t<a href=\"#\" > \n\t\n  \n    <img loading=\"lazy\" decoding=\"async\" src=\"https:\/\/www.cnhil.com\/fr\/wp-content\/uploads\/2023\/10\/\u5408\u4f5c\u4f19\u4f34-logo.300x140px6.jpg\" title=\"3\"  src=\"https:\/\/www.cnhil.com\/fr\/wp-content\/uploads\/2023\/10\/\u5408\u4f5c\u4f19\u4f34-logo.300x140px6.jpg\" alt=\"-logo\" width=\"300\" height=\"140\">\n      \t\n      \n  <\/a>\n  \t\n<\/div>\n<div class=\"logo-grid-item elementor-animation-grow\" >\n   \n\t<a href=\"#\" > \n\t\n  \n    <img loading=\"lazy\" decoding=\"async\" src=\"https:\/\/www.cnhil.com\/fr\/wp-content\/uploads\/2023\/10\/\u5408\u4f5c\u4f19\u4f34-logo.300x140px10.jpg\" title=\"4\"  src=\"https:\/\/www.cnhil.com\/fr\/wp-content\/uploads\/2023\/10\/\u5408\u4f5c\u4f19\u4f34-logo.300x140px10.jpg\" alt=\"-logo\" width=\"300\" height=\"140\">\n      \t\n      \n  <\/a>\n  \t\n<\/div>\n<div class=\"logo-grid-item elementor-animation-grow\" >\n   \n\t<a href=\"#\" > \n\t\n  \n    <img loading=\"lazy\" decoding=\"async\" src=\"https:\/\/www.cnhil.com\/fr\/wp-content\/uploads\/2023\/10\/\u5408\u4f5c\u4f19\u4f34-logo.300x140px11.jpg\" title=\"5\"  src=\"https:\/\/www.cnhil.com\/fr\/wp-content\/uploads\/2023\/10\/\u5408\u4f5c\u4f19\u4f34-logo.300x140px11.jpg\" alt=\"-logo\" width=\"300\" height=\"140\">\n      \t\n      \n  <\/a>\n  \t\n<\/div>\n<div class=\"logo-grid-item elementor-animation-grow\" >\n   \n\t<a href=\"#\" > \n\t\n  \n    <img loading=\"lazy\" decoding=\"async\" src=\"https:\/\/www.cnhil.com\/fr\/wp-content\/uploads\/2023\/10\/\u5408\u4f5c\u4f19\u4f34-logo.300x140px21.jpg\" title=\"6\"  src=\"https:\/\/www.cnhil.com\/fr\/wp-content\/uploads\/2023\/10\/\u5408\u4f5c\u4f19\u4f34-logo.300x140px21.jpg\" alt=\"-logo\" width=\"300\" height=\"140\">\n      \t\n      \n  <\/a>\n  \t\n<\/div>\n<div class=\"logo-grid-item elementor-animation-grow\" >\n   \n\t<a href=\"#\" > \n\t\n  \n    <img loading=\"lazy\" decoding=\"async\" src=\"https:\/\/www.cnhil.com\/fr\/wp-content\/uploads\/2023\/10\/\u5408\u4f5c\u4f19\u4f34-logo.300x140px9.jpg\" title=\"7\"  src=\"https:\/\/www.cnhil.com\/fr\/wp-content\/uploads\/2023\/10\/\u5408\u4f5c\u4f19\u4f34-logo.300x140px9.jpg\" alt=\"-logo\" width=\"300\" height=\"140\">\n      \t\n      \n  <\/a>\n  \t\n<\/div>\n\n    <\/div>\n<!-- end Logo Grid -->\t\t<\/div>\n\t\t\t\t<\/div>\n\t\t\t\t<div class=\"elementor-element elementor-element-0411f44 elementor-widget elementor-widget-ucaddon_logo_grid\" data-id=\"0411f44\" data-element_type=\"widget\" data-widget_type=\"ucaddon_logo_grid.default\">\n\t\t\t\t<div class=\"elementor-widget-container\">\n\t\t\t\n<!-- start Logo Grid -->\n<style>\/* widget: Logo Grid *\/\n\n#uc_logo_grid_elementor_0411f44 {\n  display: grid;\n}\n#uc_logo_grid_elementor_0411f44 .ue-logo-title\n{\n  width:100%;\n  position:absolute;\n  bottom:0;\n  text-align:center;\n  left:0;\n}\n\n#uc_logo_grid_elementor_0411f44 div.logo-grid-item\n{\ntext-align:center;\ndisplay:flex;\nflex-direction:column;\njustify-content:center;\nalign-items:center;\noverflow:hidden;\n  position:relative;\n  transition:0.3s;\n\n}\n\n#uc_logo_grid_elementor_0411f44 div.logo-grid-item img\n{\nwidth:100%;\n  object-fit: contain;\n  display:block;\n  mix-blend-mode: multiply;\n  position:absolute;\n  top:0;\n  left:0;\n  right:0;\n  bottom:0;\n  height:100%;\n  transition:0.3s;\n}\n\n\n\n#uc_logo_grid_elementor_0411f44 a\n{\n  display:block;\n  position:absolute;\n  top:0;\n  left:0;\n  right:0;\n  bottom:0;\n  cursor:pointer;\n  display:flex;\njustify-content:center;\nalign-items:center;\n}\n\n<\/style>\n\n<div id=\"uc_logo_grid_elementor_0411f44\" class=\"ue-logo-grid uc-items-wrapper \" >\n\t\t   <div class=\"logo-grid-item elementor-animation-grow\" >\n   \n\t<a href=\"#\" > \n\t\n  \n    <img loading=\"lazy\" decoding=\"async\" src=\"https:\/\/www.cnhil.com\/fr\/wp-content\/uploads\/2023\/10\/\u5408\u4f5c\u4f19\u4f34-logo.300x140px4.jpg\" title=\"1\"  src=\"https:\/\/www.cnhil.com\/fr\/wp-content\/uploads\/2023\/10\/\u5408\u4f5c\u4f19\u4f34-logo.300x140px4.jpg\" alt=\"-logo\" width=\"300\" height=\"140\">\n      \t\n      \n  <\/a>\n  \t\n<\/div>\n<div class=\"logo-grid-item elementor-animation-grow\" >\n   \n\t<a href=\"#\" > \n\t\n  \n    <img loading=\"lazy\" decoding=\"async\" src=\"https:\/\/www.cnhil.com\/fr\/wp-content\/uploads\/2023\/10\/\u5408\u4f5c\u4f19\u4f34-logo.300x140px7.jpg\" title=\"2\"  src=\"https:\/\/www.cnhil.com\/fr\/wp-content\/uploads\/2023\/10\/\u5408\u4f5c\u4f19\u4f34-logo.300x140px7.jpg\" alt=\"-logo\" width=\"300\" height=\"140\">\n      \t\n      \n  <\/a>\n  \t\n<\/div>\n<div class=\"logo-grid-item elementor-animation-grow\" >\n   \n\t<a href=\"#\" > \n\t\n  \n    <img loading=\"lazy\" decoding=\"async\" src=\"https:\/\/www.cnhil.com\/fr\/wp-content\/uploads\/2023\/10\/\u5408\u4f5c\u4f19\u4f34-logo.300x140px15.jpg\" title=\"3\"  src=\"https:\/\/www.cnhil.com\/fr\/wp-content\/uploads\/2023\/10\/\u5408\u4f5c\u4f19\u4f34-logo.300x140px15.jpg\" alt=\"-logo\" width=\"300\" height=\"140\">\n      \t\n      \n  <\/a>\n  \t\n<\/div>\n<div class=\"logo-grid-item elementor-animation-grow\" >\n   \n\t<a href=\"#\" > \n\t\n  \n    <img loading=\"lazy\" decoding=\"async\" src=\"https:\/\/www.cnhil.com\/fr\/wp-content\/uploads\/2023\/10\/\u5408\u4f5c\u4f19\u4f34-logo.300x140px19.jpg\" title=\"4\"  src=\"https:\/\/www.cnhil.com\/fr\/wp-content\/uploads\/2023\/10\/\u5408\u4f5c\u4f19\u4f34-logo.300x140px19.jpg\" alt=\"-logo\" width=\"300\" height=\"140\">\n      \t\n      \n  <\/a>\n  \t\n<\/div>\n<div class=\"logo-grid-item elementor-animation-grow\" >\n   \n\t<a href=\"#\" > \n\t\n  \n    <img loading=\"lazy\" decoding=\"async\" src=\"https:\/\/www.cnhil.com\/fr\/wp-content\/uploads\/2023\/10\/\u5408\u4f5c\u4f19\u4f34-logo.300x140px17.jpg\" title=\"5\"  src=\"https:\/\/www.cnhil.com\/fr\/wp-content\/uploads\/2023\/10\/\u5408\u4f5c\u4f19\u4f34-logo.300x140px17.jpg\" alt=\"-logo\" width=\"300\" height=\"140\">\n      \t\n      \n  <\/a>\n  \t\n<\/div>\n\n    <\/div>\n<!-- end Logo Grid -->\t\t<\/div>\n\t\t\t\t<\/div>\n\t\t\t\t<div class=\"elementor-element elementor-element-7df8e9b elementor-widget elementor-widget-ucaddon_logo_grid\" data-id=\"7df8e9b\" data-element_type=\"widget\" data-widget_type=\"ucaddon_logo_grid.default\">\n\t\t\t\t<div class=\"elementor-widget-container\">\n\t\t\t\n<!-- start Logo Grid -->\n<style>\/* widget: Logo Grid *\/\n\n#uc_logo_grid_elementor_7df8e9b {\n  display: grid;\n}\n#uc_logo_grid_elementor_7df8e9b .ue-logo-title\n{\n  width:100%;\n  position:absolute;\n  bottom:0;\n  text-align:center;\n  left:0;\n}\n\n#uc_logo_grid_elementor_7df8e9b div.logo-grid-item\n{\ntext-align:center;\ndisplay:flex;\nflex-direction:column;\njustify-content:center;\nalign-items:center;\noverflow:hidden;\n  position:relative;\n  transition:0.3s;\n\n}\n\n#uc_logo_grid_elementor_7df8e9b div.logo-grid-item img\n{\nwidth:100%;\n  object-fit: contain;\n  display:block;\n  mix-blend-mode: multiply;\n  position:absolute;\n  top:0;\n  left:0;\n  right:0;\n  bottom:0;\n  height:100%;\n  transition:0.3s;\n}\n\n\n\n#uc_logo_grid_elementor_7df8e9b a\n{\n  display:block;\n  position:absolute;\n  top:0;\n  left:0;\n  right:0;\n  bottom:0;\n  cursor:pointer;\n  display:flex;\njustify-content:center;\nalign-items:center;\n}\n\n<\/style>\n\n<div id=\"uc_logo_grid_elementor_7df8e9b\" class=\"ue-logo-grid uc-items-wrapper \" >\n\t\t   <div class=\"logo-grid-item elementor-animation-grow\" >\n   \n\t<a href=\"#\" > \n\t\n  \n    <img loading=\"lazy\" decoding=\"async\" src=\"https:\/\/www.cnhil.com\/fr\/wp-content\/uploads\/2023\/10\/\u5408\u4f5c\u4f19\u4f34-logo.300x140px20.jpg\" title=\"1\"  src=\"https:\/\/www.cnhil.com\/fr\/wp-content\/uploads\/2023\/10\/\u5408\u4f5c\u4f19\u4f34-logo.300x140px20.jpg\" alt=\"-logo\" width=\"300\" height=\"140\">\n      \t\n      \n  <\/a>\n  \t\n<\/div>\n<div class=\"logo-grid-item elementor-animation-grow\" >\n   \n\t<a href=\"#\" > \n\t\n  \n    <img loading=\"lazy\" decoding=\"async\" src=\"https:\/\/www.cnhil.com\/fr\/wp-content\/uploads\/2023\/10\/\u5408\u4f5c\u4f19\u4f34-logo.300x140px23.jpg\" title=\"2\"  src=\"https:\/\/www.cnhil.com\/fr\/wp-content\/uploads\/2023\/10\/\u5408\u4f5c\u4f19\u4f34-logo.300x140px23.jpg\" alt=\"-logo\" width=\"300\" height=\"140\">\n      \t\n      \n  <\/a>\n  \t\n<\/div>\n<div class=\"logo-grid-item elementor-animation-grow\" >\n   \n\t<a href=\"#\" > \n\t\n  \n    <img loading=\"lazy\" decoding=\"async\" src=\"https:\/\/www.cnhil.com\/fr\/wp-content\/uploads\/2023\/10\/\u5408\u4f5c\u4f19\u4f34-logo.300x140px22.jpg\" title=\"3\"  src=\"https:\/\/www.cnhil.com\/fr\/wp-content\/uploads\/2023\/10\/\u5408\u4f5c\u4f19\u4f34-logo.300x140px22.jpg\" alt=\"-logo\" width=\"300\" height=\"140\">\n      \t\n      \n  <\/a>\n  \t\n<\/div>\n<div class=\"logo-grid-item elementor-animation-grow\" >\n   \n\t<a href=\"#\" > \n\t\n  \n    <img loading=\"lazy\" decoding=\"async\" src=\"https:\/\/www.cnhil.com\/fr\/wp-content\/uploads\/2023\/10\/\u5408\u4f5c\u4f19\u4f34-logo.300x140px24.jpg\" title=\"4\"  src=\"https:\/\/www.cnhil.com\/fr\/wp-content\/uploads\/2023\/10\/\u5408\u4f5c\u4f19\u4f34-logo.300x140px24.jpg\" alt=\"-logo\" width=\"300\" height=\"140\">\n      \t\n      \n  <\/a>\n  \t\n<\/div>\n<div class=\"logo-grid-item elementor-animation-grow\" >\n   \n\t<a href=\"#\" > \n\t\n  \n    <img loading=\"lazy\" decoding=\"async\" src=\"https:\/\/www.cnhil.com\/fr\/wp-content\/uploads\/2023\/10\/\u5408\u4f5c\u4f19\u4f34-logo.300x140px14.jpg\" title=\"5\"  src=\"https:\/\/www.cnhil.com\/fr\/wp-content\/uploads\/2023\/10\/\u5408\u4f5c\u4f19\u4f34-logo.300x140px14.jpg\" alt=\"-logo\" width=\"300\" height=\"140\">\n      \t\n      \n  <\/a>\n  \t\n<\/div>\n<div class=\"logo-grid-item elementor-animation-grow\" >\n   \n\t<a href=\"#\" > \n\t\n  \n    <img loading=\"lazy\" decoding=\"async\" src=\"https:\/\/www.cnhil.com\/fr\/wp-content\/uploads\/2023\/10\/\u5408\u4f5c\u4f19\u4f34-logo.300x140px12.jpg\" title=\"6\"  src=\"https:\/\/www.cnhil.com\/fr\/wp-content\/uploads\/2023\/10\/\u5408\u4f5c\u4f19\u4f34-logo.300x140px12.jpg\" alt=\"-logo\" width=\"300\" height=\"140\">\n      \t\n      \n  <\/a>\n  \t\n<\/div>\n<div class=\"logo-grid-item elementor-animation-grow\" >\n   \n\t<a href=\"#\" > \n\t\n  \n    <img loading=\"lazy\" decoding=\"async\" src=\"https:\/\/www.cnhil.com\/fr\/wp-content\/uploads\/2023\/10\/\u5408\u4f5c\u4f19\u4f34-logo.300x140px13.jpg\" title=\"7\"  src=\"https:\/\/www.cnhil.com\/fr\/wp-content\/uploads\/2023\/10\/\u5408\u4f5c\u4f19\u4f34-logo.300x140px13.jpg\" alt=\"-logo\" width=\"300\" height=\"140\">\n      \t\n      \n  <\/a>\n  \t\n<\/div>\n\n    <\/div>\n<!-- end Logo Grid -->\t\t<\/div>\n\t\t\t\t<\/div>\n\t\t\t\t\t<\/div>\n\t\t<\/div>\n\t\t\t\t\t<\/div>\n\t\t<\/section>\n\t\t\t\t<\/div>\n\t\t","protected":false},"excerpt":{"rendered":"<p>\u5408\u4f5c\u5ba2\u6237 Partenaire Dans notre coop\u00e9ration avec nos clients, nous fournissons des services de la plus haute qualit\u00e9 et des prix comp\u00e9titifs, et entretenons de bonnes relations de coop\u00e9ration avec de nombreux grands fabricants nationaux de machines et d&#8217;\u00e9quipements pour v\u00e9hicules lourds.<\/p>\n","protected":false},"author":1,"featured_media":0,"parent":14,"menu_order":1,"comment_status":"closed","ping_status":"closed","template":"elementor_header_footer","meta":{"_acf_changed":false,"footnotes":""},"class_list":["post-5750","page","type-page","status-publish","hentry"],"acf":[],"_links":{"self":[{"href":"https:\/\/www.cnhil.com\/fr\/wp-json\/wp\/v2\/pages\/5750","targetHints":{"allow":["GET"]}}],"collection":[{"href":"https:\/\/www.cnhil.com\/fr\/wp-json\/wp\/v2\/pages"}],"about":[{"href":"https:\/\/www.cnhil.com\/fr\/wp-json\/wp\/v2\/types\/page"}],"author":[{"embeddable":true,"href":"https:\/\/www.cnhil.com\/fr\/wp-json\/wp\/v2\/users\/1"}],"replies":[{"embeddable":true,"href":"https:\/\/www.cnhil.com\/fr\/wp-json\/wp\/v2\/comments?post=5750"}],"version-history":[{"count":4,"href":"https:\/\/www.cnhil.com\/fr\/wp-json\/wp\/v2\/pages\/5750\/revisions"}],"predecessor-version":[{"id":7495,"href":"https:\/\/www.cnhil.com\/fr\/wp-json\/wp\/v2\/pages\/5750\/revisions\/7495"}],"up":[{"embeddable":true,"href":"https:\/\/www.cnhil.com\/fr\/wp-json\/wp\/v2\/pages\/14"}],"wp:attachment":[{"href":"https:\/\/www.cnhil.com\/fr\/wp-json\/wp\/v2\/media?parent=5750"}],"curies":[{"name":"wp","href":"https:\/\/api.w.org\/{rel}","templated":true}]}}